{"id":7,"date":"2024-07-17T13:32:26","date_gmt":"2024-07-17T16:32:26","guid":{"rendered":"http:\/\/aha.ong.br\/blog\/?page_id=7"},"modified":"2024-07-17T13:46:05","modified_gmt":"2024-07-17T16:46:05","slug":"about","status":"publish","type":"page","link":"https:\/\/aha.ong.br\/blog\/about\/","title":{"rendered":"Sobre"},"content":{"rendered":"\n<p>Fundada em 2016, a AHA (Associa\u00e7\u00e3o dos Amigos do Sal\u00e3o Internacional de Humor de Piracicaba), reune diversos profissionais, artistas e entusiastas do humor gr\u00e1fico, com o interesse de promover o Sal\u00e3o de Humor de Piracicaba e demais atividades relacionadas.<\/p>\n\n\n\n<p>Atrav\u00e9s de sua diretoria, a associa\u00e7\u00e3o busca parcerias com empresas p\u00fablicas ou privadas, leis de incentivo e editais culturais que possam promover atividades complementares \u00e0 programa\u00e7\u00e3o do Sal\u00e3o de Humor de Piracicaba, que \u00e9 um evento da Prefeitura de Piracicaba.<\/p>\n\n\n\n<p>Assim, o Sal\u00e3o Internacional de Humor de Piracicaba (SIHP), consegue oferecer um grande n\u00famero de atividades como workshops, cursos, exposi\u00e7\u00f5es paralelas, pr\u00eamios adicionais e eventos extras, como a FHQ (Feira de Humor e Quadrinhos) e o EnCart (Encontro de Cartunistas).<\/p>\n","protected":false},"excerpt":{"rendered":"<p>Fundada em 2016, a AHA (Associa\u00e7\u00e3o dos Amigos do Sal\u00e3o Internacional de Humor de Piracicaba), reune diversos profissionais, artistas e entusiastas do humor gr\u00e1fico, com o interesse de promover o Sal\u00e3o de Humor de Piracicaba e demais atividades relacionadas. Atrav\u00e9s de sua diretoria, a associa\u00e7\u00e3o busca parcerias com empresas p\u00fablicas ou privadas, leis de incentivo [&hellip;]<\/p>\n","protected":false},"author":1,"featured_media":0,"parent":0,"menu_order":0,"comment_status":"closed","ping_status":"closed","template":"","meta":{"footnotes":""},"class_list":["post-7","page","type-page","status-publish","hentry"],"_links":{"self":[{"href":"https:\/\/aha.ong.br\/blog\/wp-json\/wp\/v2\/pages\/7","targetHints":{"allow":["GET"]}}],"collection":[{"href":"https:\/\/aha.ong.br\/blog\/wp-json\/wp\/v2\/pages"}],"about":[{"href":"https:\/\/aha.ong.br\/blog\/wp-json\/wp\/v2\/types\/page"}],"author":[{"embeddable":true,"href":"https:\/\/aha.ong.br\/blog\/wp-json\/wp\/v2\/users\/1"}],"replies":[{"embeddable":true,"href":"https:\/\/aha.ong.br\/blog\/wp-json\/wp\/v2\/comments?post=7"}],"version-history":[{"count":3,"href":"https:\/\/aha.ong.br\/blog\/wp-json\/wp\/v2\/pages\/7\/revisions"}],"predecessor-version":[{"id":30,"href":"https:\/\/aha.ong.br\/blog\/wp-json\/wp\/v2\/pages\/7\/revisions\/30"}],"wp:attachment":[{"href":"https:\/\/aha.ong.br\/blog\/wp-json\/wp\/v2\/media?parent=7"}],"curies":[{"name":"wp","href":"https:\/\/api.w.org\/{rel}","templated":true}]}}